{"id":1005847,"date":"2025-07-03T15:13:13","date_gmt":"2025-07-03T13:13:13","guid":{"rendered":"https:\/\/bioguard.eu\/?page_id=1005847"},"modified":"2025-10-20T14:37:07","modified_gmt":"2025-10-20T12:37:07","slug":"blog","status":"publish","type":"page","link":"https:\/\/bioguard.eu\/en\/blog\/","title":{"rendered":"Blog"},"content":{"rendered":"<div id=\"fws_69e5a35dcacd1\"  data-column-margin=\"default\" data-midnight=\"dark\"  class=\"wpb_row vc_row-fluid vc_row full-width-content vc_row-o-equal-height vc_row-flex vc_row-o-content-top\"  style=\"padding-top: 0px; padding-bottom: 0px; \"><div class=\"row-bg-wrap\" data-bg-animation=\"none\" data-bg-animation-delay=\"\" data-bg-overlay=\"false\"><div class=\"inner-wrap row-bg-layer\" ><div class=\"row-bg viewport-desktop\"  style=\"\"><\/div><\/div><\/div><div class=\"row_col_wrap_12 col span_12 dark left\">\n\t<div  class=\"vc_col-sm-12 wpb_column column_container vc_column_container col no-extra-padding inherit_tablet inherit_phone\"  data-padding-pos=\"all\" data-has-bg-color=\"false\" data-bg-color=\"\" data-bg-opacity=\"1\" data-animation=\"\" data-delay=\"0\" >\n\t\t<div class=\"vc_column-inner\" >\n\t\t\t<div class=\"wpb_wrapper\">\n\t\t\t\t<div id=\"rps_69e5a35dcce79\" class=\"nectar-recent-posts-single_featured nectar-recent-posts-element multiple_featured parallax_section\" data-max-width=\"full_width\" data-button-color=\"accent-color\" data-nav-location=\"side\" data-bg-overlay=\"diagonal_gradient\" data-padding=\"16%\" data-autorotate=\"8000\" data-height=\"600\" data-animate-in-effect=\"none\" data-remove-post-date=\"\" data-remove-post-author=\"1\" data-remove-post-comment-number=\"1\" data-remove-post-nectar-love=\"1\">\n      \n      <div class=\"nectar-recent-post-slide no-bg-img active post-ref-0\">\n\n        <div class=\"row-bg using-image\" data-parallax-speed=\"fast\">\n          <div class=\"nectar-recent-post-bg\"  style=\"background-image: url(https:\/\/bioguard.eu\/wp-content\/uploads\/2025\/07\/Unite-mobile-ModuGuard.png); \"><\/div>\n        <\/div>\n\n        <div class=\"recent-post-container container\"><div class=\"inner-wrap\"><div class=\"grav-wrap\"><a href=\"https:\/\/bioguard.eu\/en\/author\/tristan\/\"><img alt='Tristan Vrand' src='https:\/\/secure.gravatar.com\/avatar\/fb906b421fbe8fc0608b9a4b0372b444502ec9c160f7f1ed3f0a5b6a14bb17f6?s=70&#038;d=mm&#038;r=g' srcset='https:\/\/secure.gravatar.com\/avatar\/fb906b421fbe8fc0608b9a4b0372b444502ec9c160f7f1ed3f0a5b6a14bb17f6?s=140&#038;d=mm&#038;r=g 2x' class='avatar avatar-70 photo' height='70' width='70' \/><\/a><div class=\"text\"><span>By <a href=\"https:\/\/bioguard.eu\/en\/author\/tristan\/\" rel=\"author\">Tristan Vrand<\/a><\/span><span> In<\/span> <a class=\"bioguard-module\" href=\"https:\/\/bioguard.eu\/en\/category\/article\/technologie-innovation\/bioguard-module\/\"><span class=\"bioguard-module\">BIOGuard Module<\/span><\/a><\/div><\/div><h2 class=\"large-featured-post-title post-ref-1\">          <a href=\" https:\/\/bioguard.eu\/en\/linnovation-modulaire-au-service-des-environnements-critiques\/\" class=\"full-slide-link\"> L\u2019innovation modulaire au service des environnements critiques\u00a0 <\/a>\n          <\/h2>\n                    <a class=\"nectar-button large regular accent-color regular-button has-icon\" data-arrow-style=\"default\" href=\"https:\/\/bioguard.eu\/en\/linnovation-modulaire-au-service-des-environnements-critiques\/\" data-color-override=\"false\" data-hover-color-override=\"false\" data-hover-text-color-override=\"#fff\" >\n            <span>Read Article<\/span>\n            <i class=\"icon-button-arrow\"><\/i>          <\/a>\n\n\n\n          <\/div><!--\/inner-wrap-->\n\n        <\/div><!--\/recent-post-container-->\n\n      <\/div><!--\/nectar-recent-post-slide-->\n\n    \n  \n      \n      <div class=\"nectar-recent-post-slide no-bg-img  post-ref-2\">\n\n        <div class=\"row-bg using-image\" data-parallax-speed=\"fast\">\n          <div class=\"nectar-recent-post-bg\"  style=\"background-image: url(https:\/\/bioguard.eu\/wp-content\/uploads\/2025\/07\/Photos-references-portfolio00-22.png); \"><\/div>\n        <\/div>\n\n        <div class=\"recent-post-container container\"><div class=\"inner-wrap\"><div class=\"grav-wrap\"><a href=\"https:\/\/bioguard.eu\/en\/author\/tristan\/\"><img alt='Tristan Vrand' src='https:\/\/secure.gravatar.com\/avatar\/fb906b421fbe8fc0608b9a4b0372b444502ec9c160f7f1ed3f0a5b6a14bb17f6?s=70&#038;d=mm&#038;r=g' srcset='https:\/\/secure.gravatar.com\/avatar\/fb906b421fbe8fc0608b9a4b0372b444502ec9c160f7f1ed3f0a5b6a14bb17f6?s=140&#038;d=mm&#038;r=g 2x' class='avatar avatar-70 photo' height='70' width='70' \/><\/a><div class=\"text\"><span>By <a href=\"https:\/\/bioguard.eu\/en\/author\/tristan\/\" rel=\"author\">Tristan Vrand<\/a><\/span><span> In<\/span> <a class=\"comprendre-les-salles-propres\" href=\"https:\/\/bioguard.eu\/en\/category\/article\/comprendre-les-salles-propres\/\"><span class=\"comprendre-les-salles-propres\">Comprendre les salles propres<\/span><\/a><\/div><\/div><h2 class=\"large-featured-post-title post-ref-1\">          <a href=\" https:\/\/bioguard.eu\/en\/les-avantages-du-cles-en-main\/\" class=\"full-slide-link\"> Les avantages du cl\u00e9s en main <\/a>\n          <\/h2>\n                    <a class=\"nectar-button large regular accent-color regular-button has-icon\" data-arrow-style=\"default\" href=\"https:\/\/bioguard.eu\/en\/les-avantages-du-cles-en-main\/\" data-color-override=\"false\" data-hover-color-override=\"false\" data-hover-text-color-override=\"#fff\" >\n            <span>Read Article<\/span>\n            <i class=\"icon-button-arrow\"><\/i>          <\/a>\n\n\n\n          <\/div><!--\/inner-wrap-->\n\n        <\/div><!--\/recent-post-container-->\n\n      <\/div><!--\/nectar-recent-post-slide-->\n\n    \n  \n      \n      <div class=\"nectar-recent-post-slide no-bg-img  post-ref-2\">\n\n        <div class=\"row-bg using-image\" data-parallax-speed=\"fast\">\n          <div class=\"nectar-recent-post-bg\"  style=\"background-image: url(https:\/\/bioguard.eu\/wp-content\/uploads\/2025\/06\/AdobeStock_794946403-scaled.jpeg); \"><\/div>\n        <\/div>\n\n        <div class=\"recent-post-container container\"><div class=\"inner-wrap\"><div class=\"grav-wrap\"><a href=\"https:\/\/bioguard.eu\/en\/author\/tristan\/\"><img alt='Tristan Vrand' src='https:\/\/secure.gravatar.com\/avatar\/fb906b421fbe8fc0608b9a4b0372b444502ec9c160f7f1ed3f0a5b6a14bb17f6?s=70&#038;d=mm&#038;r=g' srcset='https:\/\/secure.gravatar.com\/avatar\/fb906b421fbe8fc0608b9a4b0372b444502ec9c160f7f1ed3f0a5b6a14bb17f6?s=140&#038;d=mm&#038;r=g 2x' class='avatar avatar-70 photo' height='70' width='70' \/><\/a><div class=\"text\"><span>By <a href=\"https:\/\/bioguard.eu\/en\/author\/tristan\/\" rel=\"author\">Tristan Vrand<\/a><\/span><span> In<\/span> <a class=\"comprendre-les-salles-propres\" href=\"https:\/\/bioguard.eu\/en\/category\/article\/comprendre-les-salles-propres\/\"><span class=\"comprendre-les-salles-propres\">Comprendre les salles propres<\/span><\/a><\/div><\/div><h2 class=\"large-featured-post-title post-ref-1\">          <a href=\" https:\/\/bioguard.eu\/en\/quest-ce-quune-salle-blanche\/\" class=\"full-slide-link\"> Qu&rsquo;est ce qu&rsquo;une salle blanche ? <\/a>\n          <\/h2>\n                    <a class=\"nectar-button large regular accent-color regular-button has-icon\" data-arrow-style=\"default\" href=\"https:\/\/bioguard.eu\/en\/quest-ce-quune-salle-blanche\/\" data-color-override=\"false\" data-hover-color-override=\"false\" data-hover-text-color-override=\"#fff\" >\n            <span>Read Article<\/span>\n            <i class=\"icon-button-arrow\"><\/i>          <\/a>\n\n\n\n          <\/div><!--\/inner-wrap-->\n\n        <\/div><!--\/recent-post-container-->\n\n      <\/div><!--\/nectar-recent-post-slide-->\n\n    \n  <\/div>\n\t\t\t<\/div> \n\t\t<\/div>\n\t<\/div> \n<\/div><\/div>\n\t\t<div id=\"fws_69e5a35dcd801\"  data-column-margin=\"default\" data-midnight=\"dark\"  class=\"wpb_row vc_row-fluid vc_row\"  style=\"padding-top: 0px; padding-bottom: 0px; \"><div class=\"row-bg-wrap\" data-bg-animation=\"none\" data-bg-animation-delay=\"\" data-bg-overlay=\"false\"><div class=\"inner-wrap row-bg-layer\" ><div class=\"row-bg viewport-desktop\"  style=\"\"><\/div><\/div><\/div><div class=\"row_col_wrap_12 col span_12 dark left\">\n\t<div style=\"margin-top: -5%; \" class=\"vc_col-sm-12 wpb_column column_container vc_column_container col neg-marg no-extra-padding inherit_tablet inherit_phone\"  data-padding-pos=\"all\" data-has-bg-color=\"false\" data-bg-color=\"\" data-bg-opacity=\"1\" data-animation=\"\" data-delay=\"0\" >\n\t\t<div class=\"vc_column-inner\" >\n\t\t\t<div class=\"wpb_wrapper\">\n\t\t\t\t\n<div class=\"row\">\n\n <div class=\"post-area col  span_12 col_last masonry material\" data-ams=\"\" data-remove-post-date=\"\" data-remove-post-author=\"1\" data-remove-post-comment-number=\"1\" data-remove-post-nectar-love=\"1\"> <div class=\"posts-container\" data-load-animation=\"fade_in_from_bottom\">     \n     \n<article id=\"post-1005948\" class=\"masonry-blog-item post-1005948 post type-post status-publish format-standard has-post-thumbnail category-bioguard-module category-technologie-innovation\">  \n    \n  <div class=\"inner-wrap animated\">\n    \n    <div class=\"post-content\">\n\n      <div class=\"content-inner\">\n        \n        <a class=\"entire-meta-link\" href=\"https:\/\/bioguard.eu\/en\/linnovation-modulaire-au-service-des-environnements-critiques\/\"><span class=\"screen-reader-text\">L\u2019innovation modulaire au service des environnements critiques\u00a0<\/span><\/a>\n        \n        <span class=\"post-featured-img\"><img loading=\"lazy\" decoding=\"async\" width=\"1024\" height=\"809\" src=\"https:\/\/bioguard.eu\/wp-content\/uploads\/2025\/07\/Unite-mobile-ModuGuard-1024x809.png\" class=\"attachment-large size-large skip-lazy wp-post-image\" alt=\"BIOGuard modules\" title=\"\" sizes=\"auto, (min-width: 1600px) 20vw, (min-width: 1300px) 25vw, (min-width: 1000px) 33.3vw, (min-width: 690px) 50vw, 100vw\" srcset=\"https:\/\/bioguard.eu\/wp-content\/uploads\/2025\/07\/Unite-mobile-ModuGuard-1024x809.png 1024w, https:\/\/bioguard.eu\/wp-content\/uploads\/2025\/07\/Unite-mobile-ModuGuard-300x237.png 300w, https:\/\/bioguard.eu\/wp-content\/uploads\/2025\/07\/Unite-mobile-ModuGuard-768x607.png 768w, https:\/\/bioguard.eu\/wp-content\/uploads\/2025\/07\/Unite-mobile-ModuGuard-1536x1214.png 1536w, https:\/\/bioguard.eu\/wp-content\/uploads\/2025\/07\/Unite-mobile-ModuGuard-15x12.png 15w, https:\/\/bioguard.eu\/wp-content\/uploads\/2025\/07\/Unite-mobile-ModuGuard.png 1669w\" \/><\/span><span class=\"meta-category\"><a class=\"bioguard-module\" href=\"https:\/\/bioguard.eu\/en\/category\/article\/technologie-innovation\/bioguard-module\/\">BIOGuard Module<\/a><a class=\"technologie-innovation\" href=\"https:\/\/bioguard.eu\/en\/category\/article\/technologie-innovation\/\">Technologie &amp; Innovation<\/a><\/span>        \n        <div class=\"article-content-wrap\">\n          \n          <div class=\"post-header\">\n            <h3 class=\"title\"><a href=\"https:\/\/bioguard.eu\/en\/linnovation-modulaire-au-service-des-environnements-critiques\/\"> L\u2019innovation modulaire au service des environnements critiques\u00a0<\/a><\/h3>\n          <\/div>\n          \n          <div class=\"excerpt\">Le modulaire, une r\u00e9ponse moderne et flexible aux d\u00e9fis complexes\u00a0 Le recours au modulaire dans&hellip;<\/div><div class=\"grav-wrap\"><a href=\"https:\/\/bioguard.eu\/en\/author\/tristan\/\"><img alt='Tristan Vrand' src='https:\/\/secure.gravatar.com\/avatar\/fb906b421fbe8fc0608b9a4b0372b444502ec9c160f7f1ed3f0a5b6a14bb17f6?s=70&#038;d=mm&#038;r=g' srcset='https:\/\/secure.gravatar.com\/avatar\/fb906b421fbe8fc0608b9a4b0372b444502ec9c160f7f1ed3f0a5b6a14bb17f6?s=140&#038;d=mm&#038;r=g 2x' class='avatar avatar-70 photo' height='70' width='70' \/><\/a><div class=\"text\"><a href=\"https:\/\/bioguard.eu\/en\/author\/tristan\/\" rel=\"author\">Tristan Vrand<\/a><span>5 August 2025<\/span><\/div><\/div>\n        <\/div><!--article-content-wrap-->\n        \n      <\/div><!--\/content-inner-->\n        \n    <\/div><!--\/post-content-->\n      \n  <\/div><!--\/inner-wrap-->\n    \n<\/article>     \n     \n<article id=\"post-1005938\" class=\"masonry-blog-item post-1005938 post type-post status-publish format-standard has-post-thumbnail category-comprendre-les-salles-propres category-definitions\">  \n    \n  <div class=\"inner-wrap animated\">\n    \n    <div class=\"post-content\">\n\n      <div class=\"content-inner\">\n        \n        <a class=\"entire-meta-link\" href=\"https:\/\/bioguard.eu\/en\/les-avantages-du-cles-en-main\/\"><span class=\"screen-reader-text\">Les avantages du cl\u00e9s en main<\/span><\/a>\n        \n        <span class=\"post-featured-img\"><img loading=\"lazy\" decoding=\"async\" width=\"1024\" height=\"707\" src=\"https:\/\/bioguard.eu\/wp-content\/uploads\/2025\/07\/Photos-references-portfolio00-22.png\" class=\"attachment-large size-large skip-lazy wp-post-image\" alt=\"Avantages du cl\u00e9s en main BIOGuard\" title=\"\" sizes=\"auto, (min-width: 1600px) 20vw, (min-width: 1300px) 25vw, (min-width: 1000px) 33.3vw, (min-width: 690px) 50vw, 100vw\" srcset=\"https:\/\/bioguard.eu\/wp-content\/uploads\/2025\/07\/Photos-references-portfolio00-22.png 1024w, https:\/\/bioguard.eu\/wp-content\/uploads\/2025\/07\/Photos-references-portfolio00-22-300x207.png 300w, https:\/\/bioguard.eu\/wp-content\/uploads\/2025\/07\/Photos-references-portfolio00-22-768x530.png 768w, https:\/\/bioguard.eu\/wp-content\/uploads\/2025\/07\/Photos-references-portfolio00-22-18x12.png 18w\" \/><\/span><span class=\"meta-category\"><a class=\"comprendre-les-salles-propres\" href=\"https:\/\/bioguard.eu\/en\/category\/article\/comprendre-les-salles-propres\/\">Comprendre les salles propres<\/a><a class=\"definitions\" href=\"https:\/\/bioguard.eu\/en\/category\/article\/comprendre-les-salles-propres\/definitions\/\">D\u00e9finitions<\/a><\/span>        \n        <div class=\"article-content-wrap\">\n          \n          <div class=\"post-header\">\n            <h3 class=\"title\"><a href=\"https:\/\/bioguard.eu\/en\/les-avantages-du-cles-en-main\/\"> Les avantages du cl\u00e9s en main<\/a><\/h3>\n          <\/div>\n          \n          <div class=\"excerpt\">Dans les secteurs critiques comme la sant\u00e9, la recherche &amp; contr\u00f4le ou l'industrie, la conception&hellip;<\/div><div class=\"grav-wrap\"><a href=\"https:\/\/bioguard.eu\/en\/author\/tristan\/\"><img alt='Tristan Vrand' src='https:\/\/secure.gravatar.com\/avatar\/fb906b421fbe8fc0608b9a4b0372b444502ec9c160f7f1ed3f0a5b6a14bb17f6?s=70&#038;d=mm&#038;r=g' srcset='https:\/\/secure.gravatar.com\/avatar\/fb906b421fbe8fc0608b9a4b0372b444502ec9c160f7f1ed3f0a5b6a14bb17f6?s=140&#038;d=mm&#038;r=g 2x' class='avatar avatar-70 photo' height='70' width='70' \/><\/a><div class=\"text\"><a href=\"https:\/\/bioguard.eu\/en\/author\/tristan\/\" rel=\"author\">Tristan Vrand<\/a><span>23 July 2025<\/span><\/div><\/div>\n        <\/div><!--article-content-wrap-->\n        \n      <\/div><!--\/content-inner-->\n        \n    <\/div><!--\/post-content-->\n      \n  <\/div><!--\/inner-wrap-->\n    \n<\/article>     \n     \n<article id=\"post-1005620\" class=\"masonry-blog-item post-1005620 post type-post status-publish format-standard has-post-thumbnail category-comprendre-les-salles-propres category-definitions\">  \n    \n  <div class=\"inner-wrap animated\">\n    \n    <div class=\"post-content\">\n\n      <div class=\"content-inner\">\n        \n        <a class=\"entire-meta-link\" href=\"https:\/\/bioguard.eu\/en\/quest-ce-quune-salle-blanche\/\"><span class=\"screen-reader-text\">Qu&rsquo;est ce qu&rsquo;une salle blanche ?<\/span><\/a>\n        \n        <span class=\"post-featured-img\"><img loading=\"lazy\" decoding=\"async\" width=\"1024\" height=\"768\" src=\"https:\/\/bioguard.eu\/wp-content\/uploads\/2025\/06\/AdobeStock_794946403-1024x768.jpeg\" class=\"attachment-large size-large skip-lazy wp-post-image\" alt=\"Salles blanches BIOGuard\" title=\"\" sizes=\"auto, (min-width: 1600px) 20vw, (min-width: 1300px) 25vw, (min-width: 1000px) 33.3vw, (min-width: 690px) 50vw, 100vw\" srcset=\"https:\/\/bioguard.eu\/wp-content\/uploads\/2025\/06\/AdobeStock_794946403-1024x768.jpeg 1024w, https:\/\/bioguard.eu\/wp-content\/uploads\/2025\/06\/AdobeStock_794946403-300x225.jpeg 300w, https:\/\/bioguard.eu\/wp-content\/uploads\/2025\/06\/AdobeStock_794946403-768x576.jpeg 768w, https:\/\/bioguard.eu\/wp-content\/uploads\/2025\/06\/AdobeStock_794946403-1536x1152.jpeg 1536w, https:\/\/bioguard.eu\/wp-content\/uploads\/2025\/06\/AdobeStock_794946403-2048x1536.jpeg 2048w, https:\/\/bioguard.eu\/wp-content\/uploads\/2025\/06\/AdobeStock_794946403-16x12.jpeg 16w\" \/><\/span><span class=\"meta-category\"><a class=\"comprendre-les-salles-propres\" href=\"https:\/\/bioguard.eu\/en\/category\/article\/comprendre-les-salles-propres\/\">Comprendre les salles propres<\/a><a class=\"definitions\" href=\"https:\/\/bioguard.eu\/en\/category\/article\/comprendre-les-salles-propres\/definitions\/\">D\u00e9finitions<\/a><\/span>        \n        <div class=\"article-content-wrap\">\n          \n          <div class=\"post-header\">\n            <h3 class=\"title\"><a href=\"https:\/\/bioguard.eu\/en\/quest-ce-quune-salle-blanche\/\"> Qu&rsquo;est ce qu&rsquo;une salle blanche ?<\/a><\/h3>\n          <\/div>\n          \n          <div class=\"excerpt\">Une salle blanche, \u00e9galement appel\u00e9e \u00ab salle propre \u00bb ou cleanroom, est un environnement contr\u00f4l\u00e9&hellip;<\/div><div class=\"grav-wrap\"><a href=\"https:\/\/bioguard.eu\/en\/author\/tristan\/\"><img alt='Tristan Vrand' src='https:\/\/secure.gravatar.com\/avatar\/fb906b421fbe8fc0608b9a4b0372b444502ec9c160f7f1ed3f0a5b6a14bb17f6?s=70&#038;d=mm&#038;r=g' srcset='https:\/\/secure.gravatar.com\/avatar\/fb906b421fbe8fc0608b9a4b0372b444502ec9c160f7f1ed3f0a5b6a14bb17f6?s=140&#038;d=mm&#038;r=g 2x' class='avatar avatar-70 photo' height='70' width='70' \/><\/a><div class=\"text\"><a href=\"https:\/\/bioguard.eu\/en\/author\/tristan\/\" rel=\"author\">Tristan Vrand<\/a><span>30 June 2025<\/span><\/div><\/div>\n        <\/div><!--article-content-wrap-->\n        \n      <\/div><!--\/content-inner-->\n        \n    <\/div><!--\/post-content-->\n      \n  <\/div><!--\/inner-wrap-->\n    \n<\/article>    \n    <\/div><!--\/posts container-->\n    \n      \n<\/div><!--\/post area-->\n\n  \n\n<\/div>\n\n\n\t\t\t<\/div> \n\t\t<\/div>\n\t<\/div> \n<\/div><\/div>","protected":false},"excerpt":{"rendered":"Une salle blanche, \u00e9galement appel\u00e9e \u00ab salle propre \u00bb ou cleanroom, est un environnement contr\u00f4l\u00e9 o\u00f9 la concentration des particules en suspension dans l\u2019air est maintenue \u00e0 un niveau extr\u00eamement...","protected":false},"author":6,"featured_media":592,"parent":0,"menu_order":0,"comment_status":"closed","ping_status":"closed","template":"","meta":{"_acf_changed":false,"footnotes":""},"class_list":["post-1005847","page","type-page","status-publish","has-post-thumbnail"],"acf":[],"_links":{"self":[{"href":"https:\/\/bioguard.eu\/en\/wp-json\/wp\/v2\/pages\/1005847","targetHints":{"allow":["GET"]}}],"collection":[{"href":"https:\/\/bioguard.eu\/en\/wp-json\/wp\/v2\/pages"}],"about":[{"href":"https:\/\/bioguard.eu\/en\/wp-json\/wp\/v2\/types\/page"}],"author":[{"embeddable":true,"href":"https:\/\/bioguard.eu\/en\/wp-json\/wp\/v2\/users\/6"}],"replies":[{"embeddable":true,"href":"https:\/\/bioguard.eu\/en\/wp-json\/wp\/v2\/comments?post=1005847"}],"version-history":[{"count":10,"href":"https:\/\/bioguard.eu\/en\/wp-json\/wp\/v2\/pages\/1005847\/revisions"}],"predecessor-version":[{"id":1006936,"href":"https:\/\/bioguard.eu\/en\/wp-json\/wp\/v2\/pages\/1005847\/revisions\/1006936"}],"wp:featuredmedia":[{"embeddable":true,"href":"https:\/\/bioguard.eu\/en\/wp-json\/wp\/v2\/media\/592"}],"wp:attachment":[{"href":"https:\/\/bioguard.eu\/en\/wp-json\/wp\/v2\/media?parent=1005847"}],"curies":[{"name":"wp","href":"https:\/\/api.w.org\/{rel}","templated":true}]}}